{"id":2065,"date":"2020-10-16T17:17:20","date_gmt":"2020-10-16T17:17:20","guid":{"rendered":"http:\/\/testing.travelexcellence.com\/wpte\/clima-en-costa-rica\/"},"modified":"2020-11-03T01:51:31","modified_gmt":"2020-11-03T01:51:31","slug":"clima-en-costa-rica","status":"publish","type":"page","link":"https:\/\/testing.travelexcellence.com\/wpte\/es\/clima-en-costa-rica\/","title":{"rendered":"Clima en Costa Rica"},"content":{"rendered":"    <h2>Tabla de contenidos<\/h2>\n    <nav class=\"menuInterno\">\n        <ul>\n            <li><i class=\"far fa-calendar\"><\/i> <a data-scroll href=\"#costa-rica-monthly\"> El clima en Costa Rica por mes<\/a><\/li>\n            <li><i class=\"fas fa-cloud\"><\/i> <a data-scroll href=\"#costa-rica-characteristics\"> Caracter\u00edsticas del clima de Costa Rica<\/a><\/li>\n            <li><i class=\"fas fa-angle-right\"><\/i> <a data-scroll href=\"#costa-rica-regions\"> Clima por regiones <\/a><\/li>\n        <\/ul>\n    <\/nav>\n\n<p>La mejor temporada para sus vacaciones en Costa Rica<\/p>\n\n<figure class=\"wp-block-image size-large\"><img decoding=\"async\" loading=\"lazy\" width=\"800\" height=\"500\" src=\"http:\/\/testing.travelexcellence.com\/wpte\/wp-content\/uploads\/2020\/10\/happy-people-kayaking.jpg\" alt=\"Kayak en Costa Rica\" class=\"wp-image-1560\" srcset=\"https:\/\/testing.travelexcellence.com\/wpte\/wp-content\/uploads\/2020\/10\/happy-people-kayaking.jpg 800w, https:\/\/testing.travelexcellence.com\/wpte\/wp-content\/uploads\/2020\/10\/happy-people-kayaking-300x188.jpg 300w, https:\/\/testing.travelexcellence.com\/wpte\/wp-content\/uploads\/2020\/10\/happy-people-kayaking-768x480.jpg 768w\" sizes=\"(max-width: 800px) 100vw, 800px\" \/><\/figure>\n\n<p><p>El clima es Costa Rica es id\u00edlico, pero cuando usted est\u00e1 viajando con un paquete vacacional que incluye los mejores destinos del pa\u00eds, lo mejor es estar enterado de que el clima en cada regi\u00f3n puede ser diferente.<\/p><\/p>\n\n<p><p>La mayor\u00eda de los tours y atracciones en Costa Rica pueden ser disfrutados en cualquier momento del a\u00f1o, pero el mejor momento para visitar el pa\u00eds depende del motivo de su viaje. Le recomendamos leer primero todo lo que necesita saber antes de viajar a Costa Rica.<\/p><\/p>\n<a id=\"costa-rica-monthly\"><\/a>\n<h2 class=\"wp-block-heading\">El clima en Costa Rica por mes<\/h2>\n\n<p><p>Es casi imposible describir el\u00a0<strong>clima de Costa Rica por mes,<\/strong>\u00a0porque como es probable que ya usted haya escuchado, el pa\u00eds se encuentra en el tr\u00f3pico y esto causa variaciones dr\u00e1sticas en el clima. El asunto es, si tuvi\u00e9ramos que resumir es el clima promedio en Costa Rica en una sola palabra, la respuesta ser\u00eda templado.<\/p><\/p>\n\n<p><p>La buena noticia es que la\u00a0<strong>mayor\u00eda de los tours y atracciones en Costa Rica pueden ser disfrutados durante todo el a\u00f1o,<\/strong>\u00a0y el mejor momento para visitar este pa\u00eds depende de que es lo que usted desea hacer aqu\u00ed.<\/p><\/p>\n\n<p><p>Incluso cuando hay menos ofertas disponibles y encontrar disponibilidad en los hoteles es mucho m\u00e1s complicado, el clima es\u00a0<strong>Diciembre es perfecto.<\/strong>\u00a0Al igual que en\u00a0<strong>Enero.<\/strong>\u00a0Estos dos meses son ideales para visitar Costa Rica. Los \u00e1rboles a\u00fan est\u00e1n verdes por las lluvias, por lo que el paisaje ser\u00e1 incre\u00edble para disfrutar desde un tour de canopy y los r\u00edos tienen un caudal perfecto para disfrutar un tour de rafting.<\/p><\/p>\n\n<p><p>Pero la temporada seca durar\u00e1 al menos tres meses m\u00e1s, esto significa que el clima en\u00a0<strong>Febrero ser\u00e1 tambi\u00e9n bastante bueno.<\/strong>\u00a0D\u00edas soleados, tardes frescas y atracciones mucho menos concurridas caracterizan este mes, perfecto adem\u00e1s para un viaje de surf tomando en cuenta que Costa Rica es reconocida por tener algunas de las mejores playas y destinos para surf en el mundo.<\/p><\/p>\n\n<p><p>El clima este mes es muy similar al clima que se puede disfrutar en Marzo. De hecho, Marzo es hist\u00f3ricamente reconocido como el mes m\u00e1s seco del a\u00f1o. Es por esta misma raz\u00f3n que\u00a0<strong>Marzo y Abril son meses cr\u00edticos en t\u00e9rminos de ocupaci\u00f3n debido a la Semana Santa.<\/strong><\/p>&#13;\n<p>El clima en\u00a0<strong>Abril es incre\u00edble,<\/strong>\u00a0y es adem\u00e1s el \u00faltimo mes de la temporada seca, por lo que es la \u00faltima oportunidad de disfrutar el pa\u00eds sin la presencia de lluvias. Por supuesto, ya que es un periodo de transici\u00f3n, es uno de los meses m\u00e1s calientes pero algunas lluvias ligeras pueden hacerse presentes los \u00faltimos d\u00edas del mes.<\/p><\/p>\n\n<p><p>Ahora, el clima en<strong>\u00a0Mayo y hasta Noviembre es impredecible,<\/strong>\u00a0y tendr\u00e1 infinitas variaciones dependiendo de la regi\u00f3n del pa\u00eds. Lo \u00fanico que sabemos de seguro es que las lluvias no pueden controlarse y estar\u00e1n presentes. Estos primeros meses de la temporada lluviosa no son tan malos en t\u00e9rminos generales. Habr\u00e1n algunas lluvias especialmente por las tardes, pero muy extra\u00f1amente llover\u00e1 durante todo el d\u00eda.<\/p><\/p>\n\n<p><p><strong>El clima en Junio y Julio es muy similar, y usualmente estos dos meses son caracterizados por periodos de buen tiempo conocidos como \u201cveranillos\u201d.<\/strong><\/p><\/p>\n\n<p><p>Es importante tomar en cuenta que\u00a0<strong>Junio y Julio son tambi\u00e9n considerados meses de temporada alta<\/strong>\u00a0debido a las vacaciones en Estados Unidos y Europa, y a las vacaciones de mitad de a\u00f1o de las escuelas y colegios en Costa Rica.<\/p><\/p>\n\n<p><p><strong>Agosto, Setiembre y Octubre son considerados, en general, los meses m\u00e1s lluviosos del a\u00f1o.<\/strong>\u00a0Especialmente Setiembre y Octubre. El clima en Agosto no ser\u00e1 el mejor del a\u00f1o en t\u00e9rminos de d\u00edas soleados, pero es un muy buen mes para visitar Costa Rica si usted desea tener experiencias naturales como expediciones de avistamiento de ballenas o anidaci\u00f3n de tortugas.<\/p><\/p>\n\n<p><p>Adem\u00e1s, el clima en Setiembre y Octubre no es muy amigable en regiones como la Pen\u00ednsula de Osa. De hecho, la mayor\u00eda de hoteles en esta parte del pa\u00eds cierran durante estos meses debido a la cantidad de lluvias. Sin embargo, estos dos meses son los mejores para visitar la regi\u00f3n norte y el Caribe de Costa Rica. Adicionalmente, el clima en Octubre es perfecto para surfear, ya que la costa pac\u00edfica tiene las mejores y m\u00e1s grandes olas durante estos meses.<\/p><\/p>\n\n<p><p><strong><em>Por \u00faltimo, pero no menos importante, si usted est\u00e1 planeando visitar el pa\u00eds durante el \u00faltimo mes de la temporada lluviosa, es importante tomar en cuenta que el clima en Noviembre es un periodo de transici\u00f3n. Esto significa que los d\u00edas son m\u00e1s c\u00e1lidos, ventosos, y con muchas menos lluvias. Noviembre es tambi\u00e9n un muy buen mes para surfear en la costa Caribe de Costa Rica.<\/em><\/strong><\/p><\/p>\n<a id=\"costa-rica-characteristics\"><\/a>\n<h2 class=\"wp-block-heading\">Caracter\u00edsticas del clima de Costa Rica<\/h2>\n\n<p><p>La raz\u00f3n de la variedad de microclimas que existen en Costa Rica es que el pa\u00eds se encuentra en el medio del Oc\u00e9ano Pac\u00edfico y el Mar Caribe. Pero sin importar donde usted se encuentre, el sol saldr\u00e1 alrededor de las 5:30AM y se esconder\u00e1 alrededor de las 5:30PM, d\u00e1ndole 12 horas de luz solar para pasarlos viajando.<\/p><\/p>\n\n<p>Adem\u00e1s, existen solamente dos temporadas definidas: temporada seca (llamada verano o temporada alta) y temporada lluviosa (llamada invierno o temporada verde). La temporada seca va de Diciembre a Abril y la temporada lluviosa de Mayo a Noviembre, siendo Setiembre y Octubre los meses m\u00e1s lluviosos.<\/p>\n\n<h2 class=\"wp-block-heading\">Lluvia anual en las principales regiones:<\/h2>\n\n<figure class=\"wp-block-table\"><table><tbody><tr><td>Valle Central<\/td><td>1.100-2.500 mm<\/td><td>43-98 pulgadas<\/td><\/tr><tr><td>Pac\u00edfico Norte<\/td><td>1.400-4.300 mm<\/td><td>55-98 pulgadas<\/td><\/tr><tr><td>Pac\u00edfico Central<\/td><td>2.300-4.300 mm<\/td><td>91-169 pulgadas<\/td><\/tr><tr><td>Pac\u00edfico Sur<\/td><td>2.300-4.000 mm<\/td><td>91-157 pulgadas<\/td><\/tr><tr><td>Regi\u00f3n Atl\u00e1ntica<\/td><td>2.000-4.500 mm<\/td><td>79-177 pulgadas<\/td><\/tr><\/tbody><\/table><\/figure>\n<a id=\"costa-rica-regions\"><\/a>\n<h2 class=\"wp-block-heading\">Clima por regiones en Costa Rica<\/h2>\n\n<figure class=\"wp-block-image size-large\"><img decoding=\"async\" loading=\"lazy\" width=\"848\" height=\"530\" src=\"http:\/\/testing.travelexcellence.com\/wpte\/wp-content\/uploads\/2020\/10\/san-jose-costa-rica-sunset.jpg\" alt=\"Atardecer en San Jos&#xE9;\" class=\"wp-image-1573\" srcset=\"https:\/\/testing.travelexcellence.com\/wpte\/wp-content\/uploads\/2020\/10\/san-jose-costa-rica-sunset.jpg 848w, https:\/\/testing.travelexcellence.com\/wpte\/wp-content\/uploads\/2020\/10\/san-jose-costa-rica-sunset-300x188.jpg 300w, https:\/\/testing.travelexcellence.com\/wpte\/wp-content\/uploads\/2020\/10\/san-jose-costa-rica-sunset-768x480.jpg 768w\" sizes=\"(max-width: 848px) 100vw, 848px\" \/><\/figure>\n\n<h3 class=\"wp-block-heading\"><p><em><strong>Clima en San Jos\u00e9<\/strong><\/em><\/p><\/h3>\n\n<p>Estas tierras altas tienen un clima templado y presentan lluvias de Diciembre a Abril, especialmente por las noches.<\/p>\n\n<figure class=\"wp-block-image size-large\"><img decoding=\"async\" loading=\"lazy\" width=\"848\" height=\"530\" src=\"http:\/\/testing.travelexcellence.com\/wpte\/wp-content\/uploads\/2020\/10\/horseback-things-guanacaste.jpg\" alt=\"Parque de Liberia Guanacaste\" class=\"wp-image-1699\" srcset=\"https:\/\/testing.travelexcellence.com\/wpte\/wp-content\/uploads\/2020\/10\/horseback-things-guanacaste.jpg 848w, https:\/\/testing.travelexcellence.com\/wpte\/wp-content\/uploads\/2020\/10\/horseback-things-guanacaste-300x188.jpg 300w, https:\/\/testing.travelexcellence.com\/wpte\/wp-content\/uploads\/2020\/10\/horseback-things-guanacaste-768x480.jpg 768w\" sizes=\"(max-width: 848px) 100vw, 848px\" \/><\/figure>\n\n<h3 class=\"wp-block-heading\"><p><strong><em>Clima en Guanacaste<\/em><\/strong><\/p><\/h3>\n\n<p>Conocida por ser una regi\u00f3n seca y caliente, en estas tierras bajas las lluvias est\u00e1n presentes en las tardes de Junio a Noviembre.<\/p>\n\n<figure class=\"wp-block-image size-large\"><img decoding=\"async\" loading=\"lazy\" width=\"848\" height=\"530\" src=\"http:\/\/testing.travelexcellence.com\/wpte\/wp-content\/uploads\/2020\/10\/lake-arenal-volcano-cone-view.jpg\" alt=\"Volc&#xE1;n Arenal\" class=\"wp-image-1702\" srcset=\"https:\/\/testing.travelexcellence.com\/wpte\/wp-content\/uploads\/2020\/10\/lake-arenal-volcano-cone-view.jpg 848w, https:\/\/testing.travelexcellence.com\/wpte\/wp-content\/uploads\/2020\/10\/lake-arenal-volcano-cone-view-300x188.jpg 300w, https:\/\/testing.travelexcellence.com\/wpte\/wp-content\/uploads\/2020\/10\/lake-arenal-volcano-cone-view-768x480.jpg 768w\" sizes=\"(max-width: 848px) 100vw, 848px\" \/><\/figure>\n\n<h3 class=\"wp-block-heading\"><p><em><strong>Clima en Arenal\u00a0<\/strong><\/em><\/p><\/h3>\n\n<p>Es imposible escaparse de la humedad en esta regi\u00f3n, pero usted podr\u00e1 experimentar un clima un poco m\u00e1s seco de Mayo a Noviembre.<\/p>\n\n<figure class=\"wp-block-image size-large\"><img decoding=\"async\" loading=\"lazy\" width=\"848\" height=\"530\" src=\"http:\/\/testing.travelexcellence.com\/wpte\/wp-content\/uploads\/2020\/10\/monteverde-travel-guide-monteverde-cloud-forest.jpg\" alt=\"Bosque Nuboso Monteverde \" class=\"wp-image-1706\" srcset=\"https:\/\/testing.travelexcellence.com\/wpte\/wp-content\/uploads\/2020\/10\/monteverde-travel-guide-monteverde-cloud-forest.jpg 848w, https:\/\/testing.travelexcellence.com\/wpte\/wp-content\/uploads\/2020\/10\/monteverde-travel-guide-monteverde-cloud-forest-300x188.jpg 300w, https:\/\/testing.travelexcellence.com\/wpte\/wp-content\/uploads\/2020\/10\/monteverde-travel-guide-monteverde-cloud-forest-768x480.jpg 768w\" sizes=\"(max-width: 848px) 100vw, 848px\" \/><\/figure>\n\n<h3 class=\"wp-block-heading\"><p><em><strong>Clima en Monteverde\u00a0<\/strong><\/em><\/p><\/h3>\n\n<p>Monteverde es conocido por su bosque nuboso, y por ser tierras altas que presentan lloviznas durante todo el a\u00f1o debido a su elevaci\u00f3n.<\/p>\n\n<figure class=\"wp-block-image size-large\"><img decoding=\"async\" loading=\"lazy\" width=\"800\" height=\"500\" src=\"http:\/\/testing.travelexcellence.com\/wpte\/wp-content\/uploads\/2020\/10\/corcovado-national-park.jpg\" alt=\"Parque Nacional Corcovado\" class=\"wp-image-1710\" srcset=\"https:\/\/testing.travelexcellence.com\/wpte\/wp-content\/uploads\/2020\/10\/corcovado-national-park.jpg 800w, https:\/\/testing.travelexcellence.com\/wpte\/wp-content\/uploads\/2020\/10\/corcovado-national-park-300x188.jpg 300w, https:\/\/testing.travelexcellence.com\/wpte\/wp-content\/uploads\/2020\/10\/corcovado-national-park-768x480.jpg 768w\" sizes=\"(max-width: 800px) 100vw, 800px\" \/><\/figure>\n\n<h3 class=\"wp-block-heading\"><p><em><strong>Clima en el Pac\u00edfico Sur<\/strong><\/em><\/p><\/h3>\n\n<p>En esta regi\u00f3n, Setiembre y Octubre son meses sumamente lluviosos. Muchos hoteles se encuentran cerrados durante ese periodo por esa raz\u00f3n. De Diciembre a Marzo es mucho m\u00e1s soleado, por lo tanto es m\u00e1s soleado y h\u00famedo.<\/p>\n\n<figure class=\"wp-block-image size-large\"><img decoding=\"async\" loading=\"lazy\" width=\"848\" height=\"530\" src=\"http:\/\/testing.travelexcellence.com\/wpte\/wp-content\/uploads\/2020\/10\/tortuguero-travel-guide-kayak.jpg\" alt=\"Parque Nacional Tortuguero\" class=\"wp-image-1713\" srcset=\"https:\/\/testing.travelexcellence.com\/wpte\/wp-content\/uploads\/2020\/10\/tortuguero-travel-guide-kayak.jpg 848w, https:\/\/testing.travelexcellence.com\/wpte\/wp-content\/uploads\/2020\/10\/tortuguero-travel-guide-kayak-300x188.jpg 300w, https:\/\/testing.travelexcellence.com\/wpte\/wp-content\/uploads\/2020\/10\/tortuguero-travel-guide-kayak-768x480.jpg 768w\" sizes=\"(max-width: 848px) 100vw, 848px\" \/><\/figure>\n\n<h3 class=\"wp-block-heading\"><p><em><strong>Clima en el Caribe<\/strong><\/em><\/p><\/h3>\n\n<p>La temporada lluviosa en esta regi\u00f3n es opuesta al resto del pa\u00eds, por lo que las lluvias predominan de Abril a Agosto y de Noviembre a Enero.<\/p>\n\n<figure class=\"wp-block-image size-large\"><img decoding=\"async\" loading=\"lazy\" width=\"848\" height=\"530\" src=\"http:\/\/testing.travelexcellence.com\/wpte\/wp-content\/uploads\/2020\/10\/view-beaches-manuel-antonio.jpg\" alt=\"Parque Nacional Manuel Antonio\" class=\"wp-image-1717\" srcset=\"https:\/\/testing.travelexcellence.com\/wpte\/wp-content\/uploads\/2020\/10\/view-beaches-manuel-antonio.jpg 848w, https:\/\/testing.travelexcellence.com\/wpte\/wp-content\/uploads\/2020\/10\/view-beaches-manuel-antonio-300x188.jpg 300w, https:\/\/testing.travelexcellence.com\/wpte\/wp-content\/uploads\/2020\/10\/view-beaches-manuel-antonio-768x480.jpg 768w\" sizes=\"(max-width: 848px) 100vw, 848px\" \/><\/figure>\n\n<h3 class=\"wp-block-heading\"><p><em><strong>Clima en Manuel Antonio<\/strong><\/em><\/p><\/h3>\n\n<p><p>El clima en Manuel Antonio, Jac\u00f3 y Puntarenas es muy similar: caliente y h\u00famedo con algunas lluvias de Junio a Noviembre.<\/p><\/p>\n","protected":false},"excerpt":{"rendered":"<p>La mejor temporada para sus vacaciones en Costa Rica El clima es Costa Rica es id\u00edlico, pero cuando usted est\u00e1 viajando con un paquete vacacional que incluye los mejores destinos del pa\u00eds, lo mejor es estar enterado de que el clima en cada regi\u00f3n puede ser diferente. La mayor\u00eda de los tours y atracciones en [&hellip;]<\/p>\n","protected":false},"author":12,"featured_media":0,"parent":0,"menu_order":0,"comment_status":"closed","ping_status":"closed","template":"page-detalle-paginas-internas.php","meta":{"footnotes":""},"acf":[],"yoast_head":"<!-- This site is optimized with the Yoast SEO plugin v21.0 - https:\/\/yoast.com\/wordpress\/plugins\/seo\/ -->\n<title>Clima en Costa Rica - Travel Excellence<\/title>\n<meta name=\"robots\" content=\"noindex, follow, max-snippet:-1, max-image-preview:large, max-video-preview:-1\" \/>\n<meta property=\"og:locale\" content=\"es_ES\" \/>\n<meta property=\"og:type\" content=\"article\" \/>\n<meta property=\"og:title\" content=\"Clima en Costa Rica - Travel Excellence\" \/>\n<meta property=\"og:description\" content=\"La mejor temporada para sus vacaciones en Costa Rica El clima es Costa Rica es id\u00edlico, pero cuando usted est\u00e1 viajando con un paquete vacacional que incluye los mejores destinos del pa\u00eds, lo mejor es estar enterado de que el clima en cada regi\u00f3n puede ser diferente. La mayor\u00eda de los tours y atracciones en [&hellip;]\" \/>\n<meta property=\"og:url\" content=\"https:\/\/testing.travelexcellence.com\/wpte\/es\/clima-en-costa-rica\/\" \/>\n<meta property=\"og:site_name\" content=\"Travel Excellence\" \/>\n<meta property=\"article:modified_time\" content=\"2020-11-03T01:51:31+00:00\" \/>\n<meta property=\"og:image\" content=\"http:\/\/testing.travelexcellence.com\/wpte\/wp-content\/uploads\/2020\/10\/happy-people-kayaking.jpg\" \/>\n<meta name=\"twitter:card\" content=\"summary_large_image\" \/>\n<meta name=\"twitter:label1\" content=\"Tiempo de lectura\" \/>\n\t<meta name=\"twitter:data1\" content=\"6 minutos\" \/>\n<script type=\"application\/ld+json\" class=\"yoast-schema-graph\">{\"@context\":\"https:\/\/schema.org\",\"@graph\":[{\"@type\":\"WebPage\",\"@id\":\"https:\/\/testing.travelexcellence.com\/wpte\/es\/clima-en-costa-rica\/\",\"url\":\"https:\/\/testing.travelexcellence.com\/wpte\/es\/clima-en-costa-rica\/\",\"name\":\"Clima en Costa Rica - Travel Excellence\",\"isPartOf\":{\"@id\":\"https:\/\/testing.travelexcellence.com\/wpte\/es\/#website\"},\"datePublished\":\"2020-10-16T17:17:20+00:00\",\"dateModified\":\"2020-11-03T01:51:31+00:00\",\"breadcrumb\":{\"@id\":\"https:\/\/testing.travelexcellence.com\/wpte\/es\/clima-en-costa-rica\/#breadcrumb\"},\"inLanguage\":\"es\",\"potentialAction\":[{\"@type\":\"ReadAction\",\"target\":[\"https:\/\/testing.travelexcellence.com\/wpte\/es\/clima-en-costa-rica\/\"]}]},{\"@type\":\"BreadcrumbList\",\"@id\":\"https:\/\/testing.travelexcellence.com\/wpte\/es\/clima-en-costa-rica\/#breadcrumb\",\"itemListElement\":[{\"@type\":\"ListItem\",\"position\":1,\"name\":\"Home\",\"item\":\"https:\/\/testing.travelexcellence.com\/wpte\/es\/\"},{\"@type\":\"ListItem\",\"position\":2,\"name\":\"Clima en Costa Rica\"}]},{\"@type\":\"WebSite\",\"@id\":\"https:\/\/testing.travelexcellence.com\/wpte\/es\/#website\",\"url\":\"https:\/\/testing.travelexcellence.com\/wpte\/es\/\",\"name\":\"Travel Excellence\",\"description\":\"Best Costa Rica Travel &amp; Vacations Agency\",\"potentialAction\":[{\"@type\":\"SearchAction\",\"target\":{\"@type\":\"EntryPoint\",\"urlTemplate\":\"https:\/\/testing.travelexcellence.com\/wpte\/es\/?s={search_term_string}\"},\"query-input\":\"required name=search_term_string\"}],\"inLanguage\":\"es\"}]}<\/script>\n<!-- \/ Yoast SEO plugin. -->","yoast_head_json":{"title":"Clima en Costa Rica - Travel Excellence","robots":{"index":"noindex","follow":"follow","max-snippet":"max-snippet:-1","max-image-preview":"max-image-preview:large","max-video-preview":"max-video-preview:-1"},"og_locale":"es_ES","og_type":"article","og_title":"Clima en Costa Rica - Travel Excellence","og_description":"La mejor temporada para sus vacaciones en Costa Rica El clima es Costa Rica es id\u00edlico, pero cuando usted est\u00e1 viajando con un paquete vacacional que incluye los mejores destinos del pa\u00eds, lo mejor es estar enterado de que el clima en cada regi\u00f3n puede ser diferente. La mayor\u00eda de los tours y atracciones en [&hellip;]","og_url":"https:\/\/testing.travelexcellence.com\/wpte\/es\/clima-en-costa-rica\/","og_site_name":"Travel Excellence","article_modified_time":"2020-11-03T01:51:31+00:00","og_image":[{"url":"http:\/\/testing.travelexcellence.com\/wpte\/wp-content\/uploads\/2020\/10\/happy-people-kayaking.jpg"}],"twitter_card":"summary_large_image","twitter_misc":{"Tiempo de lectura":"6 minutos"},"schema":{"@context":"https:\/\/schema.org","@graph":[{"@type":"WebPage","@id":"https:\/\/testing.travelexcellence.com\/wpte\/es\/clima-en-costa-rica\/","url":"https:\/\/testing.travelexcellence.com\/wpte\/es\/clima-en-costa-rica\/","name":"Clima en Costa Rica - Travel Excellence","isPartOf":{"@id":"https:\/\/testing.travelexcellence.com\/wpte\/es\/#website"},"datePublished":"2020-10-16T17:17:20+00:00","dateModified":"2020-11-03T01:51:31+00:00","breadcrumb":{"@id":"https:\/\/testing.travelexcellence.com\/wpte\/es\/clima-en-costa-rica\/#breadcrumb"},"inLanguage":"es","potentialAction":[{"@type":"ReadAction","target":["https:\/\/testing.travelexcellence.com\/wpte\/es\/clima-en-costa-rica\/"]}]},{"@type":"BreadcrumbList","@id":"https:\/\/testing.travelexcellence.com\/wpte\/es\/clima-en-costa-rica\/#breadcrumb","itemListElement":[{"@type":"ListItem","position":1,"name":"Home","item":"https:\/\/testing.travelexcellence.com\/wpte\/es\/"},{"@type":"ListItem","position":2,"name":"Clima en Costa Rica"}]},{"@type":"WebSite","@id":"https:\/\/testing.travelexcellence.com\/wpte\/es\/#website","url":"https:\/\/testing.travelexcellence.com\/wpte\/es\/","name":"Travel Excellence","description":"Best Costa Rica Travel &amp; Vacations Agency","potentialAction":[{"@type":"SearchAction","target":{"@type":"EntryPoint","urlTemplate":"https:\/\/testing.travelexcellence.com\/wpte\/es\/?s={search_term_string}"},"query-input":"required name=search_term_string"}],"inLanguage":"es"}]}},"_links":{"self":[{"href":"https:\/\/testing.travelexcellence.com\/wpte\/es\/wp-json\/wp\/v2\/pages\/2065"}],"collection":[{"href":"https:\/\/testing.travelexcellence.com\/wpte\/es\/wp-json\/wp\/v2\/pages"}],"about":[{"href":"https:\/\/testing.travelexcellence.com\/wpte\/es\/wp-json\/wp\/v2\/types\/page"}],"author":[{"embeddable":true,"href":"https:\/\/testing.travelexcellence.com\/wpte\/es\/wp-json\/wp\/v2\/users\/12"}],"replies":[{"embeddable":true,"href":"https:\/\/testing.travelexcellence.com\/wpte\/es\/wp-json\/wp\/v2\/comments?post=2065"}],"version-history":[{"count":3,"href":"https:\/\/testing.travelexcellence.com\/wpte\/es\/wp-json\/wp\/v2\/pages\/2065\/revisions"}],"predecessor-version":[{"id":4264,"href":"https:\/\/testing.travelexcellence.com\/wpte\/es\/wp-json\/wp\/v2\/pages\/2065\/revisions\/4264"}],"wp:attachment":[{"href":"https:\/\/testing.travelexcellence.com\/wpte\/es\/wp-json\/wp\/v2\/media?parent=2065"}],"curies":[{"name":"wp","href":"https:\/\/api.w.org\/{rel}","templated":true}]}}