{"id":1971,"date":"2020-10-15T15:10:01","date_gmt":"2020-10-15T15:10:01","guid":{"rendered":"http:\/\/testing.travelexcellence.com\/wpte\/certificaciones\/"},"modified":"2021-01-04T18:44:05","modified_gmt":"2021-01-04T18:44:05","slug":"certificaciones","status":"publish","type":"page","link":"https:\/\/testing.travelexcellence.com\/wpte\/es\/certificaciones\/","title":{"rendered":"Certificaciones"},"content":{"rendered":"    <h2>Tabla de contenidos<\/h2>\n    <nav class=\"menuInterno\">\n        <ul>\n            <li><i class=\"fas fa-leaf\"><\/i> <a data-scroll href=\"#cst\"> Certificaci\u00f3n para la Sostenibilidad Tur\u00edstica <\/a><\/li>\n            <li><i class=\"fas fa-globe-americas\"><\/i> <a data-scroll href=\"#neutral\"> Marca Pa\u00eds Carbono Neutral<\/a><\/li>\n            <li><i class=\"fas fa-suitcase\"><\/i> <a data-scroll href=\"#omt\"> C\u00f3digo \u00c9tico Mundial del Turismo de la OMT<\/a><\/li>\n            <li><i class=\"fas fa-child\"><\/i> <a data-scroll href=\"#code\"> C\u00f3digo de Conducta contra la Explotaci\u00f3n Sexual de Ni\u00f1os, Ni\u00f1as y Adolescentes <\/a><\/li>\n        <\/ul>\n    <\/nav>\n\n\n<a id=\"cst\"><\/a>\n\n\n<figure class=\"wp-block-image size-large is-resized\"><img decoding=\"async\" loading=\"lazy\" src=\"http:\/\/testing.travelexcellence.com\/wpte\/wp-content\/uploads\/2020\/10\/sustainabletourism-7.jpg\" alt=\"\" class=\"wp-image-890\" width=\"153\" height=\"104\"\/><\/figure>\n\n\n\n<p><h2>Certificaci\u00f3n para la Sostenibilidad Tur\u00edstica<\/h2><\/p>\n\n\n\n<p>El Programa de Certificaci\u00f3n para la Sostenibilidad Tur\u00edstica es un proceso por medio del cual empresas y organizaciones analizan sus operaciones buscando eficiencia, productividad, calidad, minimizaci\u00f3n de impactos ambientales y satisfacci\u00f3n del cliente.<\/p>\n\n\n\n<p>El programa busca la integraci\u00f3n del personal, clientes, proveedores y la comunidad.<\/p>\n\n\n\n<p>Para el a\u00f1o 2018 el Instituto Costarricense de Turismo lanz\u00f3 el est\u00e1ndar del CST 2.0, el cual se ajusta a los criterios GSTC (Global Sustainable Tourism Council). Con el nuevo est\u00e1ndar se busca incentivar a las empresas para que trabajen bajo un modelo de mejora continua que les permita innovar en temas de sostenibilidad.<\/p>\n\n\n\n<p>La filosof\u00eda corporativa de Travel Excellence refleja el compromiso hacia la conservaci\u00f3n y protecci\u00f3n de los recursos, adem\u00e1s de la integraci\u00f3n de las comunidades en la actividad tur\u00edstica; que le permiti\u00f3 a la organizaci\u00f3n obtener el m\u00e1ximo galard\u00f3n, el CST Nivel \u00c9lite.<\/p>\n\n\n\n<p>La obtenci\u00f3n de esta certificaci\u00f3n (CST) representa importante ventaja competitiva para Travel Excellence, la cual tambi\u00e9n va de la mano con los esfuerzos que ha venido desarrollando el gobierno en temas de sostenibilidad.<\/p>\n\n\n\n<p>El Certificado de Sostenibilidad Tur\u00edstica permite que Travel Excellence ejecute su operaci\u00f3n diaria bajo modelos que apoyan la cultura local y que benefician las comunidades; haciendo un uso responsable de recursos y promoviendo la conservaci\u00f3n.<\/p>\n\n\n\n<p>Nuestros itinerarios buscan promover un turismo responsable, en donde son prioritarios aquellos productos y servicios que tambi\u00e9n cuentan con el Certificado de Sostenibilidad Tur\u00edstica<\/p>\n\n\n\n<figure class=\"wp-block-image size-large\"><img decoding=\"async\" loading=\"lazy\" width=\"848\" height=\"530\" src=\"http:\/\/testing.travelexcellence.com\/wpte\/wp-content\/uploads\/2020\/10\/nt-cst-may2018.jpg\" alt=\"Travel Excellence was awarded with maximum level in CST\" class=\"wp-image-1973\" srcset=\"https:\/\/testing.travelexcellence.com\/wpte\/wp-content\/uploads\/2020\/10\/nt-cst-may2018.jpg 848w, https:\/\/testing.travelexcellence.com\/wpte\/wp-content\/uploads\/2020\/10\/nt-cst-may2018-300x188.jpg 300w, https:\/\/testing.travelexcellence.com\/wpte\/wp-content\/uploads\/2020\/10\/nt-cst-may2018-768x480.jpg 768w\" sizes=\"(max-width: 848px) 100vw, 848px\" \/><\/figure>\n\n\n\n<div class=\"wp-block-group\"><div class=\"wp-block-group__inner-container is-layout-flow wp-block-group-is-layout-flow\"><a id=\"neutral\"><\/a>\n\n\n<div class=\"wp-block-image\"><figure class=\"aligncenter size-large is-resized\"><img decoding=\"async\" loading=\"lazy\" src=\"http:\/\/testing.travelexcellence.com\/wpte\/wp-content\/uploads\/2020\/10\/carbon-neutral-1.jpg\" alt=\"National Carbon Neutral Mark\" class=\"wp-image-893\" width=\"222\" height=\"120\"\/><\/figure><\/div>\n\n\n\n<h2 class=\"wp-block-heading\">Marca Pa\u00eds Carbono Neutral<\/h2>\n<\/div><\/div>\n\n\n\n<p>El gobierno de Costa Rica asumi\u00f3 el compromiso de cumplir con las metas propuestas en la Convenci\u00f3n Marco de las Naciones Unidas sobre el cambio clim\u00e1tico. El resultado de ese compromiso se ve reflejado en el Programa Pa\u00eds Carbono Neutralidad el cual se oficializ\u00f3 en el a\u00f1o 2012.<\/p>\n\n\n\n<p>El Programa busca que las organizaciones voluntariamente reporten, reduzcan y compensen las emisiones de Gases de Efecto Invernadero de su operaci\u00f3n.<\/p>\n\n\n\n<p>Travel Excellence es reconocida en el \u00e1mbito tur\u00edstico como empresa l\u00edder en t\u00e9rminos de sostenibilidad; gracias a las acciones para compensar y reducir emisiones de carbono, el programa de reciclaje y la capacitaci\u00f3n constante del personal en temas ambientales y de turismo responsable.<\/p>\n\n\n\n<p>La Certificaci\u00f3n de Carbono Neutralidad es un sello distintivo para Travel Excellence, que marca el inter\u00e9s de la compa\u00f1\u00eda en promover la conciencia ambiental y la toma de acciones para frenar el cambio clim\u00e1tico.<\/p>\n\n\n\n<p>La Carbono Neutralidad de la empresa, permite que los turistas que viajan con Travel Excellence dejen una huella de carbono positiva y est\u00e9n dando su aporte para evitar el cambio clim\u00e1tico.<\/p>\n\n\n\n<figure class=\"wp-block-image size-large\"><img decoding=\"async\" loading=\"lazy\" width=\"440\" height=\"617\" src=\"http:\/\/testing.travelexcellence.com\/wpte\/wp-content\/uploads\/2020\/10\/certificado-carbono-neutralidad.jpg\" alt=\"National Carbon Neutral Mark\" class=\"wp-image-874\" srcset=\"https:\/\/testing.travelexcellence.com\/wpte\/wp-content\/uploads\/2020\/10\/certificado-carbono-neutralidad.jpg 440w, https:\/\/testing.travelexcellence.com\/wpte\/wp-content\/uploads\/2020\/10\/certificado-carbono-neutralidad-214x300.jpg 214w\" sizes=\"(max-width: 440px) 100vw, 440px\" \/><\/figure>\n\n\n\n<hr class=\"wp-block-separator\"\/>\n\n\n<a id=\"omt\"><\/a>\n\n\n<div class=\"wp-block-image\"><figure class=\"aligncenter size-large is-resized\"><img decoding=\"async\" loading=\"lazy\" src=\"http:\/\/testing.travelexcellence.com\/wpte\/wp-content\/uploads\/2020\/10\/ethical-code-omt.jpg\" alt=\"UNWTO Global Code of Ethics for Tourism\" class=\"wp-image-895\" width=\"233\" height=\"126\"\/><\/figure><\/div>\n\n\n\n<h2 class=\"wp-block-heading\">C\u00f3digo \u00c9tico Mundial del Turismo de la OMT<\/h2>\n\n\n\n<p>El C\u00f3digo \u00c9tico Mundial para el Turismo es un conjunto de principios que tienen como objetivo maximizar los beneficios del sector y minimizar las consecuencias negativas para el medio ambiente, el patrimonio cultural y las sociedades.<\/p>\n\n\n\n<p>El C\u00f3digo involucra a todos los actores de la industria tur\u00edstica, como gobiernos, empresas, comunidades y los turistas que visitan los destinos.<\/p>\n\n\n\n<p>Travel Excellence tiene un alto compromiso con la responsabilidad social, fomentando el respeto entre la actividad tur\u00edstica y las diferentes sociedades.<\/p>\n\n\n\n<p>Para ratificar el compromiso la compa\u00f1\u00eda firm\u00f3 el C\u00f3digo \u00c9tico Mundial en mayo del 2013.<\/p>\n\n\n\n<p>Con la firma del \u00e9ste c\u00f3digo las personas que viajan con Travel Excellence estar\u00e1n protegiendo el patrimonio y entorno natural, integr\u00e1ndose con las comunidades locales y recibiendo informaci\u00f3n objetiva y veraz sobre sus destinos.<\/p>\n\n\n\n<hr class=\"wp-block-separator\"\/>\n\n\n<a id=\"code\"><\/a>\n\n\n<div class=\"wp-block-image\"><figure class=\"aligncenter size-large is-resized\"><img decoding=\"async\" loading=\"lazy\" src=\"http:\/\/testing.travelexcellence.com\/wpte\/wp-content\/uploads\/2020\/10\/code-of-conduct.jpg\" alt=\"Code of Conduct against Minors&#x2019; Sexual Exploitation\" class=\"wp-image-897\" width=\"220\" height=\"119\"\/><\/figure><\/div>\n\n\n\n<h2 class=\"wp-block-heading\">C\u00f3digo de Conducta contra la Explotaci\u00f3n Sexual de Ni\u00f1os, Ni\u00f1as y Adolescentes<\/h2>\n\n\n\n<p>El C\u00f3digo de Conducta surge como iniciativa de la Organizaci\u00f3n Mundial del Turismo y ECPAT Internacional; el cual busca el compromiso de la industria tur\u00edstica para evitar y sancionar la Explotaci\u00f3n Sexual Comercial de Ni\u00f1as, Ni\u00f1os y Adolescentes (ESCNNA), asociada a viajes y turismo.<\/p>\n\n\n\n<p>Al incorporar este c\u00f3digo de conducta a nuestra operaci\u00f3n, establecemos una pol\u00edtica de cero tolerancia de la ESCNNA, la cual complementamos con:<\/p>\n\n\n\n<ul><li>Capacitaci\u00f3n al personal<\/li><li>Involucrando a nuestros socios comerciales con nuestra posici\u00f3n<\/li><li>Informando a los viajeros y a los actores clave en general en los lugares tur\u00edsticos del pa\u00eds.<\/li><\/ul>\n\n\n\n<p>Un servicio de alto nivel est\u00e1 conformado por varios aspectos, en donde la responsabilidad social juega un papel muy importante, por esa raz\u00f3n Travel Excellence est\u00e1 en contra de toda actividad que busque la explotaci\u00f3n de ni\u00f1os, ni\u00f1as y adolescentes.<\/p>\n\n\n\n<p>De esta manera la compa\u00f1\u00eda se mantendr\u00e1 fiel al c\u00f3digo y la \u00e9tica al no brindar ning\u00fan tipo de servicio a que involucre acciones nocivas para las personas menores de edad.\r\n\r\n<\/p>\n\n\n\n<hr class=\"wp-block-separator\"\/>\n\n\n","protected":false},"excerpt":{"rendered":"<p>Certificaci\u00f3n para la Sostenibilidad Tur\u00edstica El Programa de Certificaci\u00f3n para la Sostenibilidad Tur\u00edstica es un proceso por medio del cual empresas y organizaciones analizan sus operaciones buscando eficiencia, productividad, calidad, minimizaci\u00f3n de impactos ambientales y satisfacci\u00f3n del cliente. El programa busca la integraci\u00f3n del personal, clientes, proveedores y la comunidad. Para el a\u00f1o 2018 el [&hellip;]<\/p>\n","protected":false},"author":11,"featured_media":0,"parent":0,"menu_order":0,"comment_status":"closed","ping_status":"closed","template":"page-detalle-paginas-internas.php","meta":{"footnotes":""},"acf":[],"yoast_head":"<!-- This site is optimized with the Yoast SEO plugin v21.0 - https:\/\/yoast.com\/wordpress\/plugins\/seo\/ -->\n<title>Certificaciones - Travel Excellence<\/title>\n<meta name=\"robots\" content=\"noindex, follow, max-snippet:-1, max-image-preview:large, max-video-preview:-1\" \/>\n<meta property=\"og:locale\" content=\"es_ES\" \/>\n<meta property=\"og:type\" content=\"article\" \/>\n<meta property=\"og:title\" content=\"Certificaciones - Travel Excellence\" \/>\n<meta property=\"og:description\" content=\"Certificaci\u00f3n para la Sostenibilidad Tur\u00edstica El Programa de Certificaci\u00f3n para la Sostenibilidad Tur\u00edstica es un proceso por medio del cual empresas y organizaciones analizan sus operaciones buscando eficiencia, productividad, calidad, minimizaci\u00f3n de impactos ambientales y satisfacci\u00f3n del cliente. El programa busca la integraci\u00f3n del personal, clientes, proveedores y la comunidad. Para el a\u00f1o 2018 el [&hellip;]\" \/>\n<meta property=\"og:url\" content=\"https:\/\/testing.travelexcellence.com\/wpte\/es\/certificaciones\/\" \/>\n<meta property=\"og:site_name\" content=\"Travel Excellence\" \/>\n<meta property=\"article:modified_time\" content=\"2021-01-04T18:44:05+00:00\" \/>\n<meta property=\"og:image\" content=\"http:\/\/testing.travelexcellence.com\/wpte\/wp-content\/uploads\/2020\/10\/sustainabletourism-7.jpg\" \/>\n<meta name=\"twitter:card\" content=\"summary_large_image\" \/>\n<meta name=\"twitter:label1\" content=\"Tiempo de lectura\" \/>\n\t<meta name=\"twitter:data1\" content=\"4 minutos\" \/>\n<script type=\"application\/ld+json\" class=\"yoast-schema-graph\">{\"@context\":\"https:\/\/schema.org\",\"@graph\":[{\"@type\":\"WebPage\",\"@id\":\"https:\/\/testing.travelexcellence.com\/wpte\/es\/certificaciones\/\",\"url\":\"https:\/\/testing.travelexcellence.com\/wpte\/es\/certificaciones\/\",\"name\":\"Certificaciones - Travel Excellence\",\"isPartOf\":{\"@id\":\"https:\/\/testing.travelexcellence.com\/wpte\/es\/#website\"},\"datePublished\":\"2020-10-15T15:10:01+00:00\",\"dateModified\":\"2021-01-04T18:44:05+00:00\",\"breadcrumb\":{\"@id\":\"https:\/\/testing.travelexcellence.com\/wpte\/es\/certificaciones\/#breadcrumb\"},\"inLanguage\":\"es\",\"potentialAction\":[{\"@type\":\"ReadAction\",\"target\":[\"https:\/\/testing.travelexcellence.com\/wpte\/es\/certificaciones\/\"]}]},{\"@type\":\"BreadcrumbList\",\"@id\":\"https:\/\/testing.travelexcellence.com\/wpte\/es\/certificaciones\/#breadcrumb\",\"itemListElement\":[{\"@type\":\"ListItem\",\"position\":1,\"name\":\"Home\",\"item\":\"https:\/\/testing.travelexcellence.com\/wpte\/es\/\"},{\"@type\":\"ListItem\",\"position\":2,\"name\":\"Certificaciones\"}]},{\"@type\":\"WebSite\",\"@id\":\"https:\/\/testing.travelexcellence.com\/wpte\/es\/#website\",\"url\":\"https:\/\/testing.travelexcellence.com\/wpte\/es\/\",\"name\":\"Travel Excellence\",\"description\":\"Best Costa Rica Travel &amp; Vacations Agency\",\"potentialAction\":[{\"@type\":\"SearchAction\",\"target\":{\"@type\":\"EntryPoint\",\"urlTemplate\":\"https:\/\/testing.travelexcellence.com\/wpte\/es\/?s={search_term_string}\"},\"query-input\":\"required name=search_term_string\"}],\"inLanguage\":\"es\"}]}<\/script>\n<!-- \/ Yoast SEO plugin. -->","yoast_head_json":{"title":"Certificaciones - Travel Excellence","robots":{"index":"noindex","follow":"follow","max-snippet":"max-snippet:-1","max-image-preview":"max-image-preview:large","max-video-preview":"max-video-preview:-1"},"og_locale":"es_ES","og_type":"article","og_title":"Certificaciones - Travel Excellence","og_description":"Certificaci\u00f3n para la Sostenibilidad Tur\u00edstica El Programa de Certificaci\u00f3n para la Sostenibilidad Tur\u00edstica es un proceso por medio del cual empresas y organizaciones analizan sus operaciones buscando eficiencia, productividad, calidad, minimizaci\u00f3n de impactos ambientales y satisfacci\u00f3n del cliente. El programa busca la integraci\u00f3n del personal, clientes, proveedores y la comunidad. Para el a\u00f1o 2018 el [&hellip;]","og_url":"https:\/\/testing.travelexcellence.com\/wpte\/es\/certificaciones\/","og_site_name":"Travel Excellence","article_modified_time":"2021-01-04T18:44:05+00:00","og_image":[{"url":"http:\/\/testing.travelexcellence.com\/wpte\/wp-content\/uploads\/2020\/10\/sustainabletourism-7.jpg"}],"twitter_card":"summary_large_image","twitter_misc":{"Tiempo de lectura":"4 minutos"},"schema":{"@context":"https:\/\/schema.org","@graph":[{"@type":"WebPage","@id":"https:\/\/testing.travelexcellence.com\/wpte\/es\/certificaciones\/","url":"https:\/\/testing.travelexcellence.com\/wpte\/es\/certificaciones\/","name":"Certificaciones - Travel Excellence","isPartOf":{"@id":"https:\/\/testing.travelexcellence.com\/wpte\/es\/#website"},"datePublished":"2020-10-15T15:10:01+00:00","dateModified":"2021-01-04T18:44:05+00:00","breadcrumb":{"@id":"https:\/\/testing.travelexcellence.com\/wpte\/es\/certificaciones\/#breadcrumb"},"inLanguage":"es","potentialAction":[{"@type":"ReadAction","target":["https:\/\/testing.travelexcellence.com\/wpte\/es\/certificaciones\/"]}]},{"@type":"BreadcrumbList","@id":"https:\/\/testing.travelexcellence.com\/wpte\/es\/certificaciones\/#breadcrumb","itemListElement":[{"@type":"ListItem","position":1,"name":"Home","item":"https:\/\/testing.travelexcellence.com\/wpte\/es\/"},{"@type":"ListItem","position":2,"name":"Certificaciones"}]},{"@type":"WebSite","@id":"https:\/\/testing.travelexcellence.com\/wpte\/es\/#website","url":"https:\/\/testing.travelexcellence.com\/wpte\/es\/","name":"Travel Excellence","description":"Best Costa Rica Travel &amp; Vacations Agency","potentialAction":[{"@type":"SearchAction","target":{"@type":"EntryPoint","urlTemplate":"https:\/\/testing.travelexcellence.com\/wpte\/es\/?s={search_term_string}"},"query-input":"required name=search_term_string"}],"inLanguage":"es"}]}},"_links":{"self":[{"href":"https:\/\/testing.travelexcellence.com\/wpte\/es\/wp-json\/wp\/v2\/pages\/1971"}],"collection":[{"href":"https:\/\/testing.travelexcellence.com\/wpte\/es\/wp-json\/wp\/v2\/pages"}],"about":[{"href":"https:\/\/testing.travelexcellence.com\/wpte\/es\/wp-json\/wp\/v2\/types\/page"}],"author":[{"embeddable":true,"href":"https:\/\/testing.travelexcellence.com\/wpte\/es\/wp-json\/wp\/v2\/users\/11"}],"replies":[{"embeddable":true,"href":"https:\/\/testing.travelexcellence.com\/wpte\/es\/wp-json\/wp\/v2\/comments?post=1971"}],"version-history":[{"count":5,"href":"https:\/\/testing.travelexcellence.com\/wpte\/es\/wp-json\/wp\/v2\/pages\/1971\/revisions"}],"predecessor-version":[{"id":9716,"href":"https:\/\/testing.travelexcellence.com\/wpte\/es\/wp-json\/wp\/v2\/pages\/1971\/revisions\/9716"}],"wp:attachment":[{"href":"https:\/\/testing.travelexcellence.com\/wpte\/es\/wp-json\/wp\/v2\/media?parent=1971"}],"curies":[{"name":"wp","href":"https:\/\/api.w.org\/{rel}","templated":true}]}}