{"id":1963,"date":"2020-10-14T19:36:08","date_gmt":"2020-10-14T19:36:08","guid":{"rendered":"http:\/\/testing.travelexcellence.com\/wpte\/nuestra-compania\/"},"modified":"2020-12-18T17:11:27","modified_gmt":"2020-12-18T17:11:27","slug":"nuestra-compania","status":"publish","type":"page","link":"https:\/\/testing.travelexcellence.com\/wpte\/es\/nuestra-compania\/","title":{"rendered":"Nuestra Compa\u00f1\u00eda"},"content":{"rendered":"\n<figure class=\"wp-block-image size-large\"><img decoding=\"async\" loading=\"lazy\" width=\"800\" height=\"500\" src=\"http:\/\/testing.travelexcellence.com\/wpte\/wp-content\/uploads\/2020\/09\/socios-travel-excellence.jpg\" alt=\"Nuestra Compa\u00f1\u00eda\" class=\"wp-image-1965\" srcset=\"https:\/\/testing.travelexcellence.com\/wpte\/wp-content\/uploads\/2020\/09\/socios-travel-excellence.jpg 800w, https:\/\/testing.travelexcellence.com\/wpte\/wp-content\/uploads\/2020\/09\/socios-travel-excellence-300x188.jpg 300w, https:\/\/testing.travelexcellence.com\/wpte\/wp-content\/uploads\/2020\/09\/socios-travel-excellence-768x480.jpg 768w\" sizes=\"(max-width: 800px) 100vw, 800px\" \/><\/figure>\n\n\n\n<p>Desde 1996, Travel Excellence ha sido un DMC l\u00edder en la industria tur\u00edstica de Costa Rica, ofreciendo todos los servicios especializados necesarios para llevar a cabo una operaci\u00f3n de clase mundial. Ofrecemos desde itinerarios a la medida para FITs y grupos de ocio, hasta la organizaci\u00f3n de incentivos corporativos y reuniones.<\/p>\n\n\n\n<h2 class=\"wp-block-heading\">Nuestra misi\u00f3n<\/h2>\n\n\n\n<p>Somos un equipo que crea experiencias de viaje \u00fanicas y socialmente responsables brindando servicios que van m\u00e1s all\u00e1 de las expectativas.<\/p>\n\n\n\n<h2 class=\"wp-block-heading\">Nuestra visi\u00f3n<\/h2>\n\n\n\n<p>Consolidarnos en la regi\u00f3n como la empresa tur\u00edstica l\u00edder en servicio de calidad, creativo, innovador, competitivo y socialmente responsable.<\/p>\n\n\n\n<h3 class=\"wp-block-heading\">\u00bfQu\u00e9 nos hace \u00fanicos?<\/h3>\n\n\n\n<ul><li>Certificaci\u00f3n Elite de Turismo Sostenible (CST): una operaci\u00f3n sostenible que respeta el medio ambiente y las comunidades locales.<\/li><li>Marca Nacional C-Neutral: un reconocimiento que confirma que Travel Excellence mide sus gases de efecto invernadero para compensar su huella de carbono a trav\u00e9s de reconocidos programas.<\/li><li>Pol\u00edticas de Igualdad de G\u00e9nero para garantizar el bienestar y el desarrollo social dentro de la organizaci\u00f3n.<\/li><li>Dos certificaciones de seguros por parte de la compa\u00f1\u00eda aseguradora de Costa Rica por m\u00e1s de US $ 1 Mill\u00f3n.<\/li><li>Expertos dise\u00f1adores de viajes a disposici\u00f3n de los planificadores de viajes profesionales para crear los mejores itinerarios hechos a la medida.<\/li><li>Investigaci\u00f3n constante de nuevas experiencias locales, siempre apoyando a los peque\u00f1os emprendimientos.<\/li><li>Atenci\u00f3n a los pasajeros en el pa\u00eds las 24 horas.<\/li><li>Excelentes relaciones con todos los proveedores locales para ofrecer las mejores tarifas.<\/li><li>Autobuses modernos con conexi\u00f3n Wi-Fi.<\/li><li>Conductores biling\u00fces y gu\u00edas experimentados.<\/li><li>Fuerte compromiso con la calidad, asegurando profesionalidad y amabilidad en toda la operaci\u00f3n.<\/li><li>Respuestas r\u00e1pidas y precisas a las solicitudes de cotizaci\u00f3n, en menos de 24 horas.<\/li><\/ul>\n\n\n\n<h3 class=\"wp-block-heading\">Nuestros valores<\/h3>\n\n\n\n<ul><li><strong>Excelencia:<\/strong>Nos distinguimos en nuestras labores con la convicci\u00f3n de mejorar y de inspirar.<\/li><li><strong>Responsabilidad:<\/strong>Nos comprometemos a atender las necesidades de las personas, de las partes interesadas y del entorno natural a trav\u00e9s de nuestro trabajo, maximizando los recursos de la empresa.<\/li><li><strong>Lealtad:<\/strong>Somos \u00edntegros y confiables en todas nuestras relaciones.<\/li><li><strong>Respeto:<\/strong>Promovemos la armon\u00eda y la calidez entre las personas, tomando en cuenta la diversidad humana.<\/li><li><strong>Diligencia:<\/strong>Actuamos con prontitud, iniciativa, esmero y pasi\u00f3n en las tareas asignadas.<\/li><\/ul>\n\n\n\n<p>Nuestra compa\u00f1\u00eda est\u00e1 comprometida con promover Costa Rica como destino tur\u00edstico mediante soluciones integrales e innovadoras que satisfagan las necesidades y excedan las expectativas de nuestra clientela, dentro de un marco de calidad, responsabilidad, equidad y desarrollo sostenible.<\/p>\n\n\n\n<h3 class=\"wp-block-heading\">Esto lo logramos mediante:<\/h3>\n\n\n\n<ul><li>La mejora continua de la eficacia del Sistema de Gesti\u00f3n<\/li><li>El control del impacto ambiental generado por nuestras actividades y servicios<\/li><li>El aporte a las comunidades en los aspectos social, econ\u00f3mico y de preservaci\u00f3n cultural<\/li><li>La toma de acciones para favorecer la igualdad y asegurar la equidad de g\u00e9nero dentro de la organizaci\u00f3n<\/li><li>El cumplimiento de los requisitos legales, reglamentarios y los propios como organizaci\u00f3n<\/li><li>El cumplimiento de nuestras metas y objetivos<\/li><\/ul>\n\n\n\n<p>Entre los servicios que ofrecemos se destaca la creaci\u00f3n y coordinaci\u00f3n de itinerarios para viajeros individuales o grupos, incluyendo reservas de hotel, transporte, actividades, renta de autos, vuelos dom\u00e9sticos, actividades de apoyo log\u00edstico y cualquier otro requerimiento especial necesario.<\/p>\n\n\n\n<p>Asimismo, la divisi\u00f3n de incentivos &#8211; TE DMC, ofrece asesor\u00eda exclusiva en la organizaci\u00f3n de eventos corporativos, reuniones o conferencias.<\/p>\n","protected":false},"excerpt":{"rendered":"<p>Desde 1996, Travel Excellence ha sido un DMC l\u00edder en la industria tur\u00edstica de Costa Rica, ofreciendo todos los servicios especializados necesarios para llevar a cabo una operaci\u00f3n de clase mundial. Ofrecemos desde itinerarios a la medida para FITs y grupos de ocio, hasta la organizaci\u00f3n de incentivos corporativos y reuniones. Nuestra misi\u00f3n Somos un [&hellip;]<\/p>\n","protected":false},"author":11,"featured_media":0,"parent":0,"menu_order":0,"comment_status":"closed","ping_status":"closed","template":"page-detalle-paginas-internas.php","meta":{"footnotes":""},"acf":[],"yoast_head":"<!-- This site is optimized with the Yoast SEO plugin v21.0 - https:\/\/yoast.com\/wordpress\/plugins\/seo\/ -->\n<title>Nuestra Compa\u00f1\u00eda - Travel Excellence<\/title>\n<meta name=\"robots\" content=\"noindex, follow, max-snippet:-1, max-image-preview:large, max-video-preview:-1\" \/>\n<meta property=\"og:locale\" content=\"es_ES\" \/>\n<meta property=\"og:type\" content=\"article\" \/>\n<meta property=\"og:title\" content=\"Nuestra Compa\u00f1\u00eda - Travel Excellence\" \/>\n<meta property=\"og:description\" content=\"Desde 1996, Travel Excellence ha sido un DMC l\u00edder en la industria tur\u00edstica de Costa Rica, ofreciendo todos los servicios especializados necesarios para llevar a cabo una operaci\u00f3n de clase mundial. Ofrecemos desde itinerarios a la medida para FITs y grupos de ocio, hasta la organizaci\u00f3n de incentivos corporativos y reuniones. Nuestra misi\u00f3n Somos un [&hellip;]\" \/>\n<meta property=\"og:url\" content=\"https:\/\/testing.travelexcellence.com\/wpte\/es\/nuestra-compania\/\" \/>\n<meta property=\"og:site_name\" content=\"Travel Excellence\" \/>\n<meta property=\"article:modified_time\" content=\"2020-12-18T17:11:27+00:00\" \/>\n<meta property=\"og:image\" content=\"http:\/\/testing.travelexcellence.com\/wpte\/wp-content\/uploads\/2020\/09\/socios-travel-excellence.jpg\" \/>\n<meta name=\"twitter:card\" content=\"summary_large_image\" \/>\n<meta name=\"twitter:label1\" content=\"Tiempo de lectura\" \/>\n\t<meta name=\"twitter:data1\" content=\"3 minutos\" \/>\n<script type=\"application\/ld+json\" class=\"yoast-schema-graph\">{\"@context\":\"https:\/\/schema.org\",\"@graph\":[{\"@type\":\"WebPage\",\"@id\":\"https:\/\/testing.travelexcellence.com\/wpte\/es\/nuestra-compania\/\",\"url\":\"https:\/\/testing.travelexcellence.com\/wpte\/es\/nuestra-compania\/\",\"name\":\"Nuestra Compa\u00f1\u00eda - Travel Excellence\",\"isPartOf\":{\"@id\":\"https:\/\/testing.travelexcellence.com\/wpte\/es\/#website\"},\"datePublished\":\"2020-10-14T19:36:08+00:00\",\"dateModified\":\"2020-12-18T17:11:27+00:00\",\"breadcrumb\":{\"@id\":\"https:\/\/testing.travelexcellence.com\/wpte\/es\/nuestra-compania\/#breadcrumb\"},\"inLanguage\":\"es\",\"potentialAction\":[{\"@type\":\"ReadAction\",\"target\":[\"https:\/\/testing.travelexcellence.com\/wpte\/es\/nuestra-compania\/\"]}]},{\"@type\":\"BreadcrumbList\",\"@id\":\"https:\/\/testing.travelexcellence.com\/wpte\/es\/nuestra-compania\/#breadcrumb\",\"itemListElement\":[{\"@type\":\"ListItem\",\"position\":1,\"name\":\"Home\",\"item\":\"https:\/\/testing.travelexcellence.com\/wpte\/es\/\"},{\"@type\":\"ListItem\",\"position\":2,\"name\":\"Nuestra Compa\u00f1\u00eda\"}]},{\"@type\":\"WebSite\",\"@id\":\"https:\/\/testing.travelexcellence.com\/wpte\/es\/#website\",\"url\":\"https:\/\/testing.travelexcellence.com\/wpte\/es\/\",\"name\":\"Travel Excellence\",\"description\":\"Best Costa Rica Travel &amp; Vacations Agency\",\"potentialAction\":[{\"@type\":\"SearchAction\",\"target\":{\"@type\":\"EntryPoint\",\"urlTemplate\":\"https:\/\/testing.travelexcellence.com\/wpte\/es\/?s={search_term_string}\"},\"query-input\":\"required name=search_term_string\"}],\"inLanguage\":\"es\"}]}<\/script>\n<!-- \/ Yoast SEO plugin. -->","yoast_head_json":{"title":"Nuestra Compa\u00f1\u00eda - Travel Excellence","robots":{"index":"noindex","follow":"follow","max-snippet":"max-snippet:-1","max-image-preview":"max-image-preview:large","max-video-preview":"max-video-preview:-1"},"og_locale":"es_ES","og_type":"article","og_title":"Nuestra Compa\u00f1\u00eda - Travel Excellence","og_description":"Desde 1996, Travel Excellence ha sido un DMC l\u00edder en la industria tur\u00edstica de Costa Rica, ofreciendo todos los servicios especializados necesarios para llevar a cabo una operaci\u00f3n de clase mundial. Ofrecemos desde itinerarios a la medida para FITs y grupos de ocio, hasta la organizaci\u00f3n de incentivos corporativos y reuniones. Nuestra misi\u00f3n Somos un [&hellip;]","og_url":"https:\/\/testing.travelexcellence.com\/wpte\/es\/nuestra-compania\/","og_site_name":"Travel Excellence","article_modified_time":"2020-12-18T17:11:27+00:00","og_image":[{"url":"http:\/\/testing.travelexcellence.com\/wpte\/wp-content\/uploads\/2020\/09\/socios-travel-excellence.jpg"}],"twitter_card":"summary_large_image","twitter_misc":{"Tiempo de lectura":"3 minutos"},"schema":{"@context":"https:\/\/schema.org","@graph":[{"@type":"WebPage","@id":"https:\/\/testing.travelexcellence.com\/wpte\/es\/nuestra-compania\/","url":"https:\/\/testing.travelexcellence.com\/wpte\/es\/nuestra-compania\/","name":"Nuestra Compa\u00f1\u00eda - Travel Excellence","isPartOf":{"@id":"https:\/\/testing.travelexcellence.com\/wpte\/es\/#website"},"datePublished":"2020-10-14T19:36:08+00:00","dateModified":"2020-12-18T17:11:27+00:00","breadcrumb":{"@id":"https:\/\/testing.travelexcellence.com\/wpte\/es\/nuestra-compania\/#breadcrumb"},"inLanguage":"es","potentialAction":[{"@type":"ReadAction","target":["https:\/\/testing.travelexcellence.com\/wpte\/es\/nuestra-compania\/"]}]},{"@type":"BreadcrumbList","@id":"https:\/\/testing.travelexcellence.com\/wpte\/es\/nuestra-compania\/#breadcrumb","itemListElement":[{"@type":"ListItem","position":1,"name":"Home","item":"https:\/\/testing.travelexcellence.com\/wpte\/es\/"},{"@type":"ListItem","position":2,"name":"Nuestra Compa\u00f1\u00eda"}]},{"@type":"WebSite","@id":"https:\/\/testing.travelexcellence.com\/wpte\/es\/#website","url":"https:\/\/testing.travelexcellence.com\/wpte\/es\/","name":"Travel Excellence","description":"Best Costa Rica Travel &amp; Vacations Agency","potentialAction":[{"@type":"SearchAction","target":{"@type":"EntryPoint","urlTemplate":"https:\/\/testing.travelexcellence.com\/wpte\/es\/?s={search_term_string}"},"query-input":"required name=search_term_string"}],"inLanguage":"es"}]}},"_links":{"self":[{"href":"https:\/\/testing.travelexcellence.com\/wpte\/es\/wp-json\/wp\/v2\/pages\/1963"}],"collection":[{"href":"https:\/\/testing.travelexcellence.com\/wpte\/es\/wp-json\/wp\/v2\/pages"}],"about":[{"href":"https:\/\/testing.travelexcellence.com\/wpte\/es\/wp-json\/wp\/v2\/types\/page"}],"author":[{"embeddable":true,"href":"https:\/\/testing.travelexcellence.com\/wpte\/es\/wp-json\/wp\/v2\/users\/11"}],"replies":[{"embeddable":true,"href":"https:\/\/testing.travelexcellence.com\/wpte\/es\/wp-json\/wp\/v2\/comments?post=1963"}],"version-history":[{"count":3,"href":"https:\/\/testing.travelexcellence.com\/wpte\/es\/wp-json\/wp\/v2\/pages\/1963\/revisions"}],"predecessor-version":[{"id":9702,"href":"https:\/\/testing.travelexcellence.com\/wpte\/es\/wp-json\/wp\/v2\/pages\/1963\/revisions\/9702"}],"wp:attachment":[{"href":"https:\/\/testing.travelexcellence.com\/wpte\/es\/wp-json\/wp\/v2\/media?parent=1963"}],"curies":[{"name":"wp","href":"https:\/\/api.w.org\/{rel}","templated":true}]}}